{"id":1559,"date":"2025-06-02T15:34:47","date_gmt":"2025-06-02T15:34:47","guid":{"rendered":"https:\/\/edruptiva.org\/?page_id=1559"},"modified":"2026-04-20T17:56:31","modified_gmt":"2026-04-20T17:56:31","slug":"politicaprivacidade","status":"publish","type":"page","link":"https:\/\/edruptiva.org\/en\/politicaprivacidade\/","title":{"rendered":"Pol\u00edtica de Privacidade"},"content":{"rendered":"<div data-elementor-type=\"wp-page\" data-elementor-id=\"1559\" class=\"elementor elementor-1559\">\n\t\t\t\t<div class=\"elementor-element elementor-element-a1e1893 e-flex e-con-boxed e-con e-parent\" data-id=\"a1e1893\" data-element_type=\"container\" data-e-type=\"container\">\n\t\t\t\t\t<div class=\"e-con-inner\">\n\t\t\t\t<div class=\"elementor-element elementor-element-b3928ab elementor-widget elementor-widget-heading\" data-id=\"b3928ab\" data-element_type=\"widget\" data-e-type=\"widget\" data-widget_type=\"heading.default\">\n\t\t\t\t<div class=\"elementor-widget-container\">\n\t\t\t\t\t<h2 class=\"elementor-heading-title elementor-size-default\">Pol\u00edtica de Privacidade<\/h2>\t\t\t\t<\/div>\n\t\t\t\t<\/div>\n\t\t\t\t\t<\/div>\n\t\t\t\t<\/div>\n\t\t<div class=\"elementor-element elementor-element-a7db9f5 e-flex e-con-boxed e-con e-parent\" data-id=\"a7db9f5\" data-element_type=\"container\" data-e-type=\"container\">\n\t\t\t\t\t<div class=\"e-con-inner\">\n\t\t\t\t<div class=\"elementor-element elementor-element-217e226 elementor-widget elementor-widget-text-editor\" data-id=\"217e226\" data-element_type=\"widget\" data-e-type=\"widget\" data-widget_type=\"text-editor.default\">\n\t\t\t\t<div class=\"elementor-widget-container\">\n\t\t\t\t\t\t\t\t\t<h5><span style=\"font-size: 16px; font-style: inherit; font-weight: inherit; color: rgb(69, 79, 94); font-family: &quot;DM Sans&quot;, sans-serif;\">No website <\/span><strong data-start=\"144\" data-end=\"160\" style=\"font-size: 16px; font-style: inherit; color: rgb(69, 79, 94); font-family: &quot;DM Sans&quot;, sans-serif;\">edruptiva.org<\/strong><span style=\"font-size: 16px; font-style: inherit; font-weight: inherit; color: rgb(69, 79, 94); font-family: &quot;DM Sans&quot;, sans-serif;\">, damos especial aten\u00e7\u00e3o \u00e0 seguran\u00e7a e \u00e0 privacidade dos dados dos nossos clientes. Para tal, o website <\/span><strong data-start=\"261\" data-end=\"281\" style=\"font-size: 16px; font-style: inherit; color: rgb(69, 79, 94); font-family: &quot;DM Sans&quot;, sans-serif;\">www.edruptiva.org<\/strong><span style=\"font-size: 16px; font-style: inherit; font-weight: inherit; color: rgb(69, 79, 94); font-family: &quot;DM Sans&quot;, sans-serif;\"> registou as suas bases de dados junto da Comiss\u00e3o Nacional de Prote\u00e7\u00e3o de Dados.<\/span><\/h5>\n<p data-start=\"366\" data-end=\"615\">Sempre que um cliente se regista no nosso website, os seus dados pessoais, incluindo o nome e os contactos, s\u00e3o guardados na nossa base de dados e utilizados exclusivamente para enviar informa\u00e7\u00f5es sobre a <strong data-start=\"568\" data-end=\"580\">EDruptiva<\/strong>&nbsp;que possam ser do seu interesse.<\/p>\n<p data-start=\"617\" data-end=\"809\">O website <strong data-start=\"624\" data-end=\"640\">edruptiva.org<\/strong> garante a confidencialidade dos dados fornecidos pelos clientes e compromete-se a nunca partilhar ou comercializar a sua base de dados com empresas externas ao grupo.<\/p>\n<p data-start=\"811\" data-end=\"1109\">A utiliza\u00e7\u00e3o do website da <strong data-start=\"835\" data-end=\"847\">EDruptiva<\/strong>&nbsp;implica a aceita\u00e7\u00e3o da presente pol\u00edtica de privacidade. A equipa de <strong data-start=\"917\" data-end=\"933\">edruptiva.org<\/strong> reserva-se o direito de alterar este acordo sem aviso pr\u00e9vio. Recomendamos, portanto, que consulte regularmente a nossa pol\u00edtica de privacidade para estar sempre atualizada.<\/p>\n<p data-start=\"811\" data-end=\"1109\"><strong><br><\/strong><\/p>\n<h5><b>PROTE\u00c7\u00c3O DE DADOS<\/b><\/h5>\n<p data-start=\"1137\" data-end=\"1350\">Em conformidade com a Lei n.\u00ba 67\/98, de 16 de outubro, e com o Regulamento (UE) 2016\/679 do Parlamento Europeu e do Conselho, de 27 de abril de 2016, relativo \u00e0 prote\u00e7\u00e3o de dados pessoais, informamos o seguinte:<\/p>\n<p data-start=\"1352\" data-end=\"1473\"><strong data-start=\"1352\" data-end=\"1357\">A<\/strong> \u2013 Como propriet\u00e1rio do website <strong data-start=\"1386\" data-end=\"1402\">edruptiva.org<\/strong>, a entidade <strong data-start=\"1415\" data-end=\"1438\">Associa\u00e7\u00e3o Edruptiva, <\/strong><span data-start=\"1415\" data-end=\"1438\">tamb\u00e9m<\/span>&nbsp;indicada como Associa\u00e7\u00e3o Ed-Ruptiva, \u00e9 respons\u00e1vel por este ficheiro.<\/p>\n<p data-start=\"1475\" data-end=\"1703\"><strong data-start=\"1475\" data-end=\"1480\">B<\/strong> \u2013 O website <strong data-start=\"1386\" data-end=\"1402\">edruptiva.org<\/strong>&nbsp;garante a confidencialidade de todos os dados fornecidos pelos seus utilizadores. A recolha e o tratamento dos dados s\u00e3o efetuados com n\u00edveis de seguran\u00e7a que impedem a sua perda ou manipula\u00e7\u00e3o.<\/p>\n<p data-start=\"1705\" data-end=\"1982\"><strong data-start=\"1705\" data-end=\"1710\">C<\/strong> \u2013 Os dados recolhidos, nomeadamente o nome e os contactos atrav\u00e9s do formul\u00e1rio online, s\u00e3o utilizados exclusivamente para comunica\u00e7\u00e3o direta com os utilizadores por e-mail ou telefone, nomeadamente para partilhar informa\u00e7\u00f5es sobre os cursos e servi\u00e7os da <strong data-start=\"1967\" data-end=\"1979\">EDruptiva<\/strong>.<\/p>\n<p data-start=\"1984\" data-end=\"2117\"><strong data-start=\"1984\" data-end=\"1989\">D<\/strong> \u2013 O consentimento para a recolha e utiliza\u00e7\u00e3o dos seus dados pessoais \u00e9 v\u00e1lido apenas para as empresas do grupo <strong data-start=\"2102\" data-end=\"2114\">EDruptiva<\/strong>.<\/p>\n<p data-start=\"2119\" data-end=\"2246\"><strong data-start=\"2119\" data-end=\"2124\">E<\/strong> \u2013 Os dados recolhidos n\u00e3o ser\u00e3o partilhados com empresas ou servi\u00e7os externos sem o consentimento pr\u00e9vio do utilizador.<\/p>\n<p data-start=\"2248\" data-end=\"2620\"><strong data-start=\"2248\" data-end=\"2253\">F<\/strong> \u2013 De acordo com a legisla\u00e7\u00e3o vigente, todos os clientes do website <strong data-start=\"1386\" data-end=\"1402\">edruptiva.org <\/strong>t\u00eam o direito de aceder, retificar, cancelar e opor-se \u00e0 utiliza\u00e7\u00e3o dos seus dados. Al\u00e9m disso, o cliente pode, a qualquer momento, manifestar a sua vontade de n\u00e3o receber qualquer tipo de publicidade. Os clientes podem exercer estes direitos atrav\u00e9s do e-mail <strong>info@edruptiva.org<\/strong>.&nbsp;<\/p>\n<p data-start=\"2622\" data-end=\"2779\"><strong data-start=\"2622\" data-end=\"2627\">G<\/strong> \u2013 As informa\u00e7\u00f5es que utilizamos para os fins indicados no ponto C s\u00e3o conservadas at\u00e9 que nos informe que n\u00e3o deseja mais receber estas comunica\u00e7\u00f5es.<\/p><p data-start=\"2622\" data-end=\"2779\"><br><\/p>\n<h5><strong>COOKIES<\/strong><\/h5>\n<p data-start=\"2797\" data-end=\"3026\">Os websites recebem cookies e web beacons quando o utilizador acede \u00e0s p\u00e1ginas. Estes dados s\u00e3o instalados automaticamente e prov\u00eam dos servidores que hospedam todo o conte\u00fado, bem como de servidores externos que operam este site.<\/p><p data-start=\"2797\" data-end=\"3026\"><br><\/p>\n<p data-start=\"3028\" data-end=\"3067\"><em><strong data-start=\"3028\" data-end=\"3051\">\u00daltima atualiza\u00e7\u00e3o:<\/strong> janeiro de 2026<\/em><\/p>\n<p data-start=\"3069\" data-end=\"3189\"><br><\/p><p data-start=\"3069\" data-end=\"3189\">Todas as altera\u00e7\u00f5es que vierem a ser feitas futuramente \u00e0 nossa pol\u00edtica de privacidade ser\u00e3o publicadas nesta p\u00e1gina.<\/p>\t\t\t\t\t\t\t\t<\/div>\n\t\t\t\t<\/div>\n\t\t\t\t\t<\/div>\n\t\t\t\t<\/div>\n\t\t\t\t<\/div>","protected":false},"excerpt":{"rendered":"<p>Pol\u00edtica de Privacidade No website edruptiva.org, damos especial aten\u00e7\u00e3o \u00e0 seguran\u00e7a e \u00e0 privacidade dos dados dos nossos clientes. Para tal, o website www.edruptiva.org registou as suas bases de dados junto da Comiss\u00e3o Nacional de Prote\u00e7\u00e3o de Dados. Sempre que um cliente se regista no nosso website, os seus dados pessoais, incluindo o nome e [&hellip;]<\/p>\n","protected":false},"author":2,"featured_media":0,"parent":0,"menu_order":0,"comment_status":"closed","ping_status":"closed","template":"","meta":{"site-sidebar-layout":"no-sidebar","site-content-layout":"page-builder","ast-site-content-layout":"full-width-container","site-content-style":"default","site-sidebar-style":"default","ast-global-header-display":"","ast-banner-title-visibility":"","ast-main-header-display":"","ast-hfb-above-header-display":"","ast-hfb-below-header-display":"","ast-hfb-mobile-header-display":"","site-post-title":"disabled","ast-breadcrumbs-content":"","ast-featured-img":"disabled","footer-sml-layout":"","ast-disable-related-posts":"","theme-transparent-header-meta":"","adv-header-id-meta":"","stick-header-meta":"","header-above-stick-meta":"","header-main-stick-meta":"","header-below-stick-meta":"","astra-migrate-meta-layouts":"set","ast-page-background-enabled":"default","ast-page-background-meta":{"desktop":{"background-color":"","background-image":"","background-repeat":"repeat","background-position":"center center","background-size":"auto","background-attachment":"scroll","background-type":"","background-media":"","overlay-type":"","overlay-color":"","overlay-opacity":"","overlay-gradient":""},"tablet":{"background-color":"","background-image":"","background-repeat":"repeat","background-position":"center center","background-size":"auto","background-attachment":"scroll","background-type":"","background-media":"","overlay-type":"","overlay-color":"","overlay-opacity":"","overlay-gradient":""},"mobile":{"background-color":"","background-image":"","background-repeat":"repeat","background-position":"center center","background-size":"auto","background-attachment":"scroll","background-type":"","background-media":"","overlay-type":"","overlay-color":"","overlay-opacity":"","overlay-gradient":""}},"ast-content-background-meta":{"desktop":{"background-color":"var(--ast-global-color-5)","background-image":"","background-repeat":"repeat","background-position":"center center","background-size":"auto","background-attachment":"scroll","background-type":"","background-media":"","overlay-type":"","overlay-color":"","overlay-opacity":"","overlay-gradient":""},"tablet":{"background-color":"var(--ast-global-color-5)","background-image":"","background-repeat":"repeat","background-position":"center center","background-size":"auto","background-attachment":"scroll","background-type":"","background-media":"","overlay-type":"","overlay-color":"","overlay-opacity":"","overlay-gradient":""},"mobile":{"background-color":"var(--ast-global-color-5)","background-image":"","background-repeat":"repeat","background-position":"center center","background-size":"auto","background-attachment":"scroll","background-type":"","background-media":"","overlay-type":"","overlay-color":"","overlay-opacity":"","overlay-gradient":""}},"footnotes":""},"class_list":["post-1559","page","type-page","status-publish","hentry"],"_links":{"self":[{"href":"https:\/\/edruptiva.org\/en\/wp-json\/wp\/v2\/pages\/1559","targetHints":{"allow":["GET"]}}],"collection":[{"href":"https:\/\/edruptiva.org\/en\/wp-json\/wp\/v2\/pages"}],"about":[{"href":"https:\/\/edruptiva.org\/en\/wp-json\/wp\/v2\/types\/page"}],"author":[{"embeddable":true,"href":"https:\/\/edruptiva.org\/en\/wp-json\/wp\/v2\/users\/2"}],"replies":[{"embeddable":true,"href":"https:\/\/edruptiva.org\/en\/wp-json\/wp\/v2\/comments?post=1559"}],"version-history":[{"count":14,"href":"https:\/\/edruptiva.org\/en\/wp-json\/wp\/v2\/pages\/1559\/revisions"}],"predecessor-version":[{"id":1670,"href":"https:\/\/edruptiva.org\/en\/wp-json\/wp\/v2\/pages\/1559\/revisions\/1670"}],"wp:attachment":[{"href":"https:\/\/edruptiva.org\/en\/wp-json\/wp\/v2\/media?parent=1559"}],"curies":[{"name":"wp","href":"https:\/\/api.w.org\/{rel}","templated":true}]}}